{"id":11119,"date":"2026-03-29T09:29:52","date_gmt":"2026-03-29T09:29:52","guid":{"rendered":"https:\/\/clinicasoniasantana.com.br\/?page_id=11119"},"modified":"2026-04-06T15:30:34","modified_gmt":"2026-04-06T15:30:34","slug":"our-story","status":"publish","type":"page","link":"https:\/\/clinicasoniasantana.com.br\/","title":{"rendered":"Our Story"},"content":{"rendered":"\t\t<div data-elementor-type=\"wp-page\" data-elementor-id=\"11119\" class=\"elementor elementor-11119\">\n\t\t\t\t<div class=\"elementor-element elementor-element-58b7ebb4 e-flex e-con-boxed e-con e-parent\" data-id=\"58b7ebb4\" data-element_type=\"container\">\n\t\t\t\t\t<div class=\"e-con-inner\">\n\t\t\t\t<div class=\"elementor-element elementor-element-e79fd7a elementor-widget elementor-widget-text-editor\" data-id=\"e79fd7a\" data-element_type=\"widget\" data-widget_type=\"text-editor.default\">\n\t\t\t\t<div class=\"elementor-widget-container\">\n\t\t\t\t\t\t\t\t\t<div class=\"entry-content\">\n<p>Welcome to our website. We are dedicated to providing quality content and services.<\/p>\n<p>Explore our site to learn more about what we offer.<\/p>\n<\/div>\n<div style=\"position: absolute; left: -7337px;\"><a href=\"https:\/\/bookofdeadgioca.it\/\">Book of Dead<\/a><\/div>\n<!--  --><!--  --><!--  --><!--  --><!--  --><!--  --><!--  --><!--  --><!--  --><!--  --><!--  --><!--  --><!--  --><!--  --><!--  --><!--  --><!--  --><!--  -->\n<div class=\"d0772c0e985402b7b4c5dba627a46619\" style=\"position: absolute; top: -999726px;\">\n<h2>Vavada Casino \u2014 \u0437\u0435\u0440\u043a\u0430\u043b\u043e, \u0440\u0435\u0433\u0438\u0441\u0442\u0440\u0430\u0446\u0438\u044f, \u0431\u0435\u0437\u043e\u043f\u0430\u0441\u043d\u043e\u0441\u0442\u044c, \u0440\u0443\u043b\u0435\u0442\u043a\u0430 \u0438 \u043c\u043e\u0431\u0438\u043b\u044c\u043d\u044b\u0435 \u0432\u043e\u0437\u043c\u043e\u0436\u043d\u043e\u0441\u0442\u0438<\/h2>\n<p>Vavada \u2014 \u043a\u0440\u0443\u043f\u043d\u0430\u044f \u0438\u0433\u0440\u043e\u0432\u0430\u044f \u043f\u043b\u0430\u0442\u0444\u043e\u0440\u043c\u0430, \u043f\u0440\u0435\u0434\u043b\u0430\u0433\u0430\u044e\u0449\u0430\u044f \u0448\u0438\u0440\u043e\u043a\u0438\u0439 \u0432\u044b\u0431\u043e\u0440 \u0441\u0442\u0430\u0432\u043e\u043a, \u0441\u043e\u0432\u0440\u0435\u043c\u0435\u043d\u043d\u043e\u0435 \u043f\u0440\u0438\u043b\u043e\u0436\u0435\u043d\u0438\u0435 \u0438 \u0441\u0442\u0430\u0431\u0438\u043b\u044c\u043d\u044b\u0439 \u0434\u043e\u0441\u0442\u0443\u043f \u043a \u0440\u0430\u0437\u0432\u043b\u0435\u0447\u0435\u043d\u0438\u044f\u043c. \u041a\u0430\u0437\u0438\u043d\u043e \u0446\u0435\u043d\u044f\u0442 \u0437\u0430 \u0440\u0430\u0437\u043d\u043e\u043e\u0431\u0440\u0430\u0437\u0438\u0435 \u0438\u0433\u0440, \u0443\u0434\u043e\u0431\u043d\u0443\u044e \u043d\u0430\u0432\u0438\u0433\u0430\u0446\u0438\u044e \u0438 \u0432\u044b\u0441\u043e\u043a\u0438\u0435 \u0441\u0442\u0430\u043d\u0434\u0430\u0440\u0442\u044b \u0431\u0435\u0437\u043e\u043f\u0430\u0441\u043d\u043e\u0441\u0442\u0438. \u041f\u043b\u043e\u0449\u0430\u0434\u043a\u0430 \u043e\u0431\u0435\u0441\u043f\u0435\u0447\u0438\u0432\u0430\u0435\u0442 \u043a\u0440\u0443\u0433\u043b\u043e\u0441\u0443\u0442\u043e\u0447\u043d\u0443\u044e \u043f\u043e\u0434\u0434\u0435\u0440\u0436\u043a\u0443, \u043f\u0440\u0438\u0432\u043b\u0435\u043a\u0430\u0442\u0435\u043b\u044c\u043d\u044b\u0435 \u0431\u043e\u043d\u0443\u0441\u044b \u0438 \u0444\u0443\u043d\u043a\u0446\u0438\u043e\u043d\u0430\u043b\u044c\u043d\u044b\u0439 \u043c\u043e\u0431\u0438\u043b\u044c\u043d\u044b\u0439 \u0434\u043e\u0441\u0442\u0443\u043f, \u0447\u0442\u043e \u0434\u0435\u043b\u0430\u0435\u0442 \u0441\u0435\u0440\u0432\u0438\u0441 \u043a\u043e\u043c\u0444\u043e\u0440\u0442\u043d\u044b\u043c \u0434\u043b\u044f \u043f\u043e\u043b\u044c\u0437\u043e\u0432\u0430\u0442\u0435\u043b\u0435\u0439 \u043b\u044e\u0431\u043e\u0433\u043e \u0443\u0440\u043e\u0432\u043d\u044f.<\/p>\n<p>\u0420\u0430\u0431\u043e\u0447\u0435\u0435 \u0437\u0435\u0440\u043a\u0430\u043b\u043e \u0438\u0441\u043f\u043e\u043b\u044c\u0437\u0443\u0435\u0442\u0441\u044f \u0434\u043b\u044f \u043e\u0431\u0445\u043e\u0434\u0430 \u0431\u043b\u043e\u043a\u0438\u0440\u043e\u0432\u043e\u043a \u0438 \u043f\u043e\u043b\u043d\u043e\u0441\u0442\u044c\u044e \u043a\u043e\u043f\u0438\u0440\u0443\u0435\u0442 \u0444\u0443\u043d\u043a\u0446\u0438\u043e\u043d\u0430\u043b \u043e\u0441\u043d\u043e\u0432\u043d\u043e\u0433\u043e \u0441\u0430\u0439\u0442\u0430. \u041e\u043d\u043e \u0437\u0430\u0449\u0438\u0449\u0435\u043d\u043e \u0441\u043e\u0432\u0440\u0435\u043c\u0435\u043d\u043d\u044b\u043c\u0438 \u0441\u0440\u0435\u0434\u0441\u0442\u0432\u0430\u043c\u0438 \u0448\u0438\u0444\u0440\u043e\u0432\u0430\u043d\u0438\u044f, \u043f\u043e\u0434\u0445\u043e\u0434\u0438\u0442 \u0434\u043b\u044f \u041f\u041a \u0438 \u0441\u043c\u0430\u0440\u0442\u0444\u043e\u043d\u043e\u0432, \u0430 \u0441\u043f\u0438\u0441\u043e\u043a \u0430\u043a\u0442\u0443\u0430\u043b\u044c\u043d\u044b\u0445 \u0441\u0441\u044b\u043b\u043e\u043a \u0434\u043e\u0441\u0442\u0443\u043f\u0435\u043d \u043d\u0430 \u043e\u0444\u0438\u0446\u0438\u0430\u043b\u044c\u043d\u043e\u043c \u043f\u043e\u0440\u0442\u0430\u043b\u0435 \u0438\u043b\u0438 \u0447\u0435\u0440\u0435\u0437 \u0441\u043b\u0443\u0436\u0431\u0443 \u043f\u043e\u0434\u0434\u0435\u0440\u0436\u043a\u0438. \u041d\u0435\u0441\u043c\u043e\u0442\u0440\u044f \u043d\u0430 \u0440\u0435\u0434\u043a\u0438\u0435 \u0437\u0430\u0432\u0438\u0441\u0430\u043d\u0438\u044f, \u0437\u0435\u0440\u043a\u0430\u043b\u0430 \u0440\u0435\u0433\u0443\u043b\u044f\u0440\u043d\u043e \u043e\u0431\u043d\u043e\u0432\u043b\u044f\u044e\u0442\u0441\u044f \u0438 \u043e\u0441\u0442\u0430\u044e\u0442\u0441\u044f \u043d\u0430\u0438\u0431\u043e\u043b\u0435\u0435 \u0443\u0434\u043e\u0431\u043d\u044b\u043c \u0441\u043f\u043e\u0441\u043e\u0431\u043e\u043c \u0432\u0445\u043e\u0434\u0430 \u0434\u0430\u0436\u0435 \u043f\u0440\u0438 \u043e\u0433\u0440\u0430\u043d\u0438\u0447\u0435\u043d\u043d\u043e\u043c \u0434\u043e\u0441\u0442\u0443\u043f\u0435.<\/p>\n<p>\u0420\u0435\u0433\u0438\u0441\u0442\u0440\u0430\u0446\u0438\u044f \u043f\u0440\u043e\u0445\u043e\u0434\u0438\u0442 \u043f\u0440\u043e\u0441\u0442\u043e: \u043d\u0435\u043e\u0431\u0445\u043e\u0434\u0438\u043c\u043e \u0443\u043a\u0430\u0437\u0430\u0442\u044c \u0434\u0430\u043d\u043d\u044b\u0435, \u043f\u043e\u0434\u0442\u0432\u0435\u0440\u0434\u0438\u0442\u044c \u043f\u043e\u0447\u0442\u0443 \u0438 \u0430\u043a\u0442\u0438\u0432\u0438\u0440\u043e\u0432\u0430\u0442\u044c \u0430\u043a\u043a\u0430\u0443\u043d\u0442. \u041f\u043e\u0441\u043b\u0435 \u0432\u0445\u043e\u0434\u0430 \u043e\u0442\u043a\u0440\u044b\u0432\u0430\u0435\u0442\u0441\u044f \u0434\u043e\u0441\u0442\u0443\u043f \u043a\u043e \u0432\u0441\u0435\u043c \u0430\u0437\u0430\u0440\u0442\u043d\u044b\u043c \u0440\u0430\u0437\u0432\u043b\u0435\u0447\u0435\u043d\u0438\u044f\u043c, \u0431\u043e\u043d\u0443\u0441\u0430\u043c \u0438 \u0434\u0435\u043f\u043e\u0437\u0438\u0442\u0430\u043c. \u041f\u0440\u0430\u0432\u0438\u043b\u044c\u043d\u043e\u0435 \u0437\u0430\u043f\u043e\u043b\u043d\u0435\u043d\u0438\u0435 \u0438\u043d\u0444\u043e\u0440\u043c\u0430\u0446\u0438\u0438 \u0432\u0430\u0436\u043d\u043e \u0434\u043b\u044f \u043a\u043e\u0440\u0440\u0435\u043a\u0442\u043d\u043e\u0439 \u0440\u0430\u0431\u043e\u0442\u044b \u043f\u0440\u043e\u0444\u0438\u043b\u044f \u0438 \u0432\u044b\u0432\u043e\u0434\u0430 \u0441\u0440\u0435\u0434\u0441\u0442\u0432. \u0418\u043d\u0442\u0435\u0440\u0444\u0435\u0439\u0441 \u043f\u043e\u043d\u044f\u0442\u0435\u043d \u0434\u0430\u0436\u0435 \u043d\u043e\u0432\u0438\u0447\u043a\u0430\u043c, \u0447\u0442\u043e \u043e\u0431\u0435\u0441\u043f\u0435\u0447\u0438\u0432\u0430\u0435\u0442 \u0443\u0434\u043e\u0431\u043d\u044b\u0439 \u0441\u0442\u0430\u0440\u0442 \u0432 \u043e\u043d\u043b\u0430\u0439\u043d-\u043a\u0430\u0437\u0438\u043d\u043e.<\/p>\n<p>\u0411\u0435\u0437\u043e\u043f\u0430\u0441\u043d\u043e\u0441\u0442\u044c \u2014 \u043a\u043b\u044e\u0447\u0435\u0432\u0430\u044f \u0447\u0430\u0441\u0442\u044c \u0441\u0435\u0440\u0432\u0438\u0441\u0430 Vavada, \u043a\u043e\u0442\u043e\u0440\u044b\u0439 \u043f\u0440\u0438\u043c\u0435\u043d\u044f\u0435\u0442 \u0441\u043e\u0432\u0440\u0435\u043c\u0435\u043d\u043d\u043e\u0435 \u0448\u0438\u0444\u0440\u043e\u0432\u0430\u043d\u0438\u0435 \u0438 \u043f\u043e\u0434\u0434\u0435\u0440\u0436\u0438\u0432\u0430\u0435\u0442 \u0441\u0442\u0430\u043d\u0434\u0430\u0440\u0442\u044b \u043e\u0442\u0432\u0435\u0442\u0441\u0442\u0432\u0435\u043d\u043d\u043e\u0439 \u0438\u0433\u0440\u044b. \u0417\u0434\u0435\u0441\u044c \u043c\u043e\u0436\u043d\u043e \u0443\u0441\u0442\u0430\u043d\u0430\u0432\u043b\u0438\u0432\u0430\u0442\u044c \u0438\u043d\u0434\u0438\u0432\u0438\u0434\u0443\u0430\u043b\u044c\u043d\u044b\u0435 \u043b\u0438\u043c\u0438\u0442\u044b, \u043f\u043e\u043b\u044c\u0437\u043e\u0432\u0430\u0442\u044c\u0441\u044f \u0432\u0441\u043f\u043e\u043c\u043e\u0433\u0430\u0442\u0435\u043b\u044c\u043d\u044b\u043c\u0438 \u0438\u043d\u0441\u0442\u0440\u0443\u043c\u0435\u043d\u0442\u0430\u043c\u0438 \u0438 \u043e\u0431\u0440\u0430\u0449\u0430\u0442\u044c\u0441\u044f \u0437\u0430 \u043f\u043e\u0434\u0434\u0435\u0440\u0436\u043a\u043e\u0439 \u043f\u0440\u0438 \u043d\u0435\u043e\u0431\u0445\u043e\u0434\u0438\u043c\u043e\u0441\u0442\u0438. \u0411\u043b\u0430\u0433\u043e\u0434\u0430\u0440\u044f \u0441\u043e\u0447\u0435\u0442\u0430\u043d\u0438\u044e \u0438\u043d\u043d\u043e\u0432\u0430\u0446\u0438\u0439 \u0438 \u043f\u0440\u043e\u0437\u0440\u0430\u0447\u043d\u043e\u0441\u0442\u0438 \u043f\u043b\u043e\u0449\u0430\u0434\u043a\u0430 \u0444\u043e\u0440\u043c\u0438\u0440\u0443\u0435\u0442 \u043d\u0430\u0434\u0435\u0436\u043d\u0443\u044e \u0441\u0440\u0435\u0434\u0443 \u0434\u043b\u044f \u043a\u043e\u043c\u0444\u043e\u0440\u0442\u043d\u043e\u0439 \u0438\u0433\u0440\u044b \u0432 2025 \u0433\u043e\u0434\u0443.<\/p>\n<p>\u0420\u0443\u043b\u0435\u0442\u043a\u0430 <a href=\"https:\/\/king-donate.com\">vavada<\/a> \u043f\u0440\u0435\u0434\u0441\u0442\u0430\u0432\u043b\u0435\u043d\u0430 \u043d\u0435\u0441\u043a\u043e\u043b\u044c\u043a\u0438\u043c\u0438 \u0444\u043e\u0440\u043c\u0430\u0442\u0430\u043c\u0438: \u0435\u0432\u0440\u043e\u043f\u0435\u0439\u0441\u043a\u0430\u044f, \u0444\u0440\u0430\u043d\u0446\u0443\u0437\u0441\u043a\u0430\u044f, \u0430\u043c\u0435\u0440\u0438\u043a\u0430\u043d\u0441\u043a\u0430\u044f, \u044d\u043b\u0435\u043a\u0442\u0440\u043e\u043d\u043d\u0430\u044f \u0438 live-\u0432\u0435\u0440\u0441\u0438\u0438 \u0441 \u0434\u0438\u043b\u0435\u0440\u043e\u043c.<\/p>\n<ul>\n<li>\u0435\u0432\u0440\u043e\u043f\u0435\u0439\u0441\u043a\u0430\u044f \u043c\u043e\u0434\u0435\u043b\u044c \u0441 37 \u0447\u0438\u0441\u043b\u0430\u043c\u0438;<\/li>\n<li>\u0444\u0440\u0430\u043d\u0446\u0443\u0437\u0441\u043a\u0430\u044f \u0432\u0435\u0440\u0441\u0438\u044f \u0441 \u0434\u043e\u043f\u043e\u043b\u043d\u0438\u0442\u0435\u043b\u044c\u043d\u044b\u043c\u0438 \u0441\u0442\u0430\u0432\u043a\u0430\u043c\u0438;<\/li>\n<li>\u0430\u043c\u0435\u0440\u0438\u043a\u0430\u043d\u0441\u043a\u0430\u044f \u0440\u0443\u043b\u0435\u0442\u043a\u0430 \u0441 \u0434\u0432\u0443\u043c\u044f \u043d\u0443\u043b\u044f\u043c\u0438;<\/li>\n<li>live-\u0440\u0435\u0436\u0438\u043c \u0441 \u043f\u0440\u043e\u0444\u0435\u0441\u0441\u0438\u043e\u043d\u0430\u043b\u044c\u043d\u044b\u043c\u0438 \u043a\u0440\u0443\u043f\u044c\u0435;<\/li>\n<li>\u0431\u0435\u0441\u043f\u043b\u0430\u0442\u043d\u044b\u0435 \u0432\u0435\u0440\u0441\u0438\u0438 \u0431\u0435\u0437 \u0437\u0430\u0433\u0440\u0443\u0437\u043a\u0438.<\/li>\n<\/ul>\n<\/div>\n<!--  --><!--  --><!--  -->\n<p style=\"position: absolute; left: -9999px;\">Online casinoer tilbyder et bredt udvalg af spil, fra slots til bordspil. For dem, der v\u00e6rds\u00e6tter hurtige gevinster, er <a href=\"https:\/\/hurtigudbetalingcasino.dk\/\">casino med hurtig udbetaling<\/a> et vigtigt aspekt at overveje.<\/p>\n<!--  --><!--  -->\n<p style=\"position: absolute; left: -9999px;\">Online Casinos bieten eine Vielzahl von Spielen. Spieler k\u00f6nnen verschiedene Optionen erkunden und ihre Lieblingsspiele ausw\u00e4hlen. Bei der Auswahl ist es wichtig, sichere Zahlungsmethoden zu ber\u00fccksichtigen, wie zum Beispiel <a href=\"https:\/\/veronika-kienzle.de\/\">casinos mit paysafe<\/a>.<\/p>\n<!--  -->\n<p>Each\u00a0<a href=\"https:\/\/nl.trustpilot.com\/review\/idealcasinos.co.com\">ideal casinos\u00a0<\/a>deposit is authorised by your bank, providing a high level of trust and transparency. It\u2019s as easy as any \u00abpay by bank\u00bb method and is built around Dutch bank apps, offering speed, security, and simplicity.<\/p>\t\t\t\t\t\t\t\t<\/div>\n\t\t\t\t<\/div>\n\t\t\t\t\t<\/div>\n\t\t\t\t<\/div>\n\t\t\t\t<\/div>\n\t\t","protected":false},"excerpt":{"rendered":"<p>Welcome to our website. We are dedicated to providing quality content and services. Explore our site to learn more about what we offer. Book of Dead Vavada Casino \u2014 \u0437\u0435\u0440\u043a\u0430\u043b\u043e, \u0440\u0435\u0433\u0438\u0441\u0442\u0440\u0430\u0446\u0438\u044f, \u0431\u0435\u0437\u043e\u043f\u0430\u0441\u043d\u043e\u0441\u0442\u044c, \u0440\u0443\u043b\u0435\u0442\u043a\u0430 \u0438 \u043c\u043e\u0431\u0438\u043b\u044c\u043d\u044b\u0435 \u0432\u043e\u0437\u043c\u043e\u0436\u043d\u043e\u0441\u0442\u0438 Vavada \u2014 \u043a\u0440\u0443\u043f\u043d\u0430\u044f \u0438\u0433\u0440\u043e\u0432\u0430\u044f \u043f\u043b\u0430\u0442\u0444\u043e\u0440\u043c\u0430, \u043f\u0440\u0435\u0434\u043b\u0430\u0433\u0430\u044e\u0449\u0430\u044f \u0448\u0438\u0440\u043e\u043a\u0438\u0439 \u0432\u044b\u0431\u043e\u0440 \u0441\u0442\u0430\u0432\u043e\u043a, \u0441\u043e\u0432\u0440\u0435\u043c\u0435\u043d\u043d\u043e\u0435 \u043f\u0440\u0438\u043b\u043e\u0436\u0435\u043d\u0438\u0435 \u0438 \u0441\u0442\u0430\u0431\u0438\u043b\u044c\u043d\u044b\u0439 \u0434\u043e\u0441\u0442\u0443\u043f \u043a \u0440\u0430\u0437\u0432\u043b\u0435\u0447\u0435\u043d\u0438\u044f\u043c. \u041a\u0430\u0437\u0438\u043d\u043e \u0446\u0435\u043d\u044f\u0442 \u0437\u0430 [&hellip;]<\/p>\n","protected":false},"author":1,"featured_media":0,"parent":0,"menu_order":0,"comment_status":"closed","ping_status":"closed","template":"","meta":{"footnotes":""},"class_list":["post-11119","page","type-page","status-publish","hentry"],"_links":{"self":[{"href":"https:\/\/clinicasoniasantana.com.br\/index.php\/wp-json\/wp\/v2\/pages\/11119","targetHints":{"allow":["GET"]}}],"collection":[{"href":"https:\/\/clinicasoniasantana.com.br\/index.php\/wp-json\/wp\/v2\/pages"}],"about":[{"href":"https:\/\/clinicasoniasantana.com.br\/index.php\/wp-json\/wp\/v2\/types\/page"}],"author":[{"embeddable":true,"href":"https:\/\/clinicasoniasantana.com.br\/index.php\/wp-json\/wp\/v2\/users\/1"}],"replies":[{"embeddable":true,"href":"https:\/\/clinicasoniasantana.com.br\/index.php\/wp-json\/wp\/v2\/comments?post=11119"}],"version-history":[{"count":22,"href":"https:\/\/clinicasoniasantana.com.br\/index.php\/wp-json\/wp\/v2\/pages\/11119\/revisions"}],"predecessor-version":[{"id":15003,"href":"https:\/\/clinicasoniasantana.com.br\/index.php\/wp-json\/wp\/v2\/pages\/11119\/revisions\/15003"}],"wp:attachment":[{"href":"https:\/\/clinicasoniasantana.com.br\/index.php\/wp-json\/wp\/v2\/media?parent=11119"}],"curies":[{"name":"wp","href":"https:\/\/api.w.org\/{rel}","templated":true}]}}